{"id":549,"date":"2020-07-07T09:59:01","date_gmt":"2020-07-07T07:59:01","guid":{"rendered":"https:\/\/aqotec.com\/products\/local-and-district-heating-stations\/"},"modified":"2020-07-07T09:59:01","modified_gmt":"2020-07-07T07:59:01","slug":"local-and-district-heating-stations","status":"publish","type":"page","link":"https:\/\/aqotec.com\/en\/products\/local-and-district-heating-stations\/","title":{"rendered":"Local and district heating stations"},"content":{"rendered":"<p>District heating station<\/p>\n<h3>Transfer stations for local and district heating<\/h3>\n<p>Our local heating stations and district heating transfer stations are available in different designs and with different outputs. We categorize our stations in small and compact stations (aqoClick &#8211; district heating station), larger stations (aqoFrame &#8211; district heating station) or special designs (aqoCustom &#8211; district heating station). We have been able to build the most unusual stations, especially in the case of custom-made products. (Cold stations, container constructions and much more)<\/p>\n<p>no-repeat;left top;;<br \/>auto<\/p>\n<p><img decoding=\"async\" src=\"https:\/\/aqotec.com\/wp-content\/uploads\/2020\/03\/aqoFrame_Drahtansicht.png\" alt=\"aqoFrame_Drahtansicht\" \/><\/p>\n<h3>Our transfer stations for local and district heating at a glance<\/h3>\n<p>center<br \/>no-repeat;left top;;<br \/>auto<\/p>\n<p><img decoding=\"async\" src=\"https:\/\/aqotec.com\/wp-content\/uploads\/2020\/03\/aqoClickS.png\" alt=\"aqoClickS Fernw\u00e4rme\u00fcbergabestation\" \/><br \/>Heat transfer station up to 150 kW<\/p>\n<p><img decoding=\"async\" src=\"https:\/\/aqotec.com\/wp-content\/uploads\/2020\/03\/aqoFrame.png\" alt=\"Fernw\u00e4rmestation aqoFrame\" \/><br \/>Heat transfer station up to 10MW<\/p>\n<p><img decoding=\"async\" src=\"https:\/\/aqotec.com\/wp-content\/uploads\/2020\/03\/aqoCase.png\" alt=\"Fernw\u00e4rme\u00fcbergabestation aqoCase - Fernw\u00e4rmestation\" \/><br \/>Heat transfer station with shoring<\/p>\n<p><img decoding=\"async\" src=\"https:\/\/aqotec.com\/wp-content\/uploads\/2020\/04\/NPS.png\" alt=\"NPS-Nahw\u00e4rmepufferspeicher\" \/><br \/>Local heat buffer tank<\/p>\n<p><img decoding=\"async\" src=\"https:\/\/aqotec.com\/wp-content\/uploads\/2020\/04\/aqoCustom.png\" alt=\"aqoCustom - Sonderanlagen - Fernw\u00e4rmestation\" \/><br \/>Heat transfer station Special equipment<\/p>\n<p><img decoding=\"async\" src=\"https:\/\/aqotec.com\/wp-content\/uploads\/2020\/03\/aqoClickS.png\" alt=\"aqoClickS Fernw\u00e4rme\u00fcbergabestation\" \/><\/p>\n<p>aqoClick S\/L<\/p>\n<h3>aqoClick S\/L district heating station<\/h3>\n<p>The aqoClick is a compact district heating transfer station with hydraulic decoupling for local and district heating supply of buildings. Due to the heat exchanger made of stainless steel with long thermal lengths used in the aqoClick district heating station, the transfer stations can be used in a wide range of applications.<\/p>\n<p>no-repeat;left top;;<br \/>auto<\/p>\n<p>aqoFrame<\/p>\n<h3>aqoFrame district heating station<\/h3>\n<p>The district heating station aqoFrame and the district heating station aqoCase cover the performance spectrum of heat transfer up to several megawatts. They contain all necessary components for connecting the building systems to the respective district heating network. The basic framework is a stand frame made of square shaped steel tubes which is coated with a special anti-corrosion paint and mounted on<br \/>\n<br \/>vibration-damped feet are mounted. The systems are individually adapted by our technicians to the requirements of each customer. Capacities of up to 18 megawatts are possible. In more complex cases or on request, this is done by 3D planning in our design department. Furthermore, there is the possibility to divisible the plant for a better installation. The stations are hydraulically adapted to the control requirements of the customer in order to always guarantee an energy-efficient control.<br \/>no-repeat;left top;;<br \/>auto<\/p>\n<p><img decoding=\"async\" src=\"https:\/\/aqotec.com\/wp-content\/uploads\/2020\/03\/aqoFrame.png\" alt=\"Fernw\u00e4rmestation aqoFrame\" \/><\/p>\n<p><img decoding=\"async\" src=\"https:\/\/aqotec.com\/wp-content\/uploads\/2020\/03\/aqoCase.png\" alt=\"Fernw\u00e4rme\u00fcbergabestation aqoCase - Fernw\u00e4rmestation\" \/><\/p>\n<p>aqoCase<\/p>\n<h3>aqoCase heat transfer station<\/h3>\n<p>The basic framework is a stand frame made of square shaped steel tubes, which is coated with a special paint and mounted on feet adjustable in height and hardness. The district heating station has detachable service doors at the front and rear. These can also be made lockable if required. Perforated plates on the long sides ensure a good thermal flow. The primary and secondary connections are located at the top as standard. For maintenance reasons, the heat exchanger of Case III is mounted on the outside of its own vibration-free frame. Depending on the design, the capacity of the systems is selected up to a maximum of 1000 kW.<br \/>no-repeat;left top;;<br \/>auto<\/p>\n<p>aqoNPS<\/p>\n<h3>aqoNPS local heat buffer storage tank<\/h3>\n<p>In our fast-moving times there is a need for products that are quickly installed, require little maintenance and are reliable at the same time. The aqotec local heat buffer storage tank &#8220;aqoNPS&#8221; is the hydraulic all-in-one solution.<\/p>\n<p>The perfectly coordinated system is based on stratified buffer operation independent of heating sources, hygienic hot water preparation and the operation of low and high temperature heating circuits.<br \/>no-repeat;left top;;<br \/>auto<\/p>\n<p><img decoding=\"async\" src=\"https:\/\/aqotec.com\/wp-content\/uploads\/2020\/04\/NPS.png\" alt=\"NPS-Nahw\u00e4rmepufferspeicher\" \/><\/p>\n<p><img decoding=\"async\" src=\"https:\/\/aqotec.com\/wp-content\/uploads\/2020\/04\/aqoCustom.png\" alt=\"aqoCustom - Sonderanlagen - Fernw\u00e4rmestation\" \/><\/p>\n<p>aqoCustom<\/p>\n<h3>aqoCustom special installations<\/h3>\n<p>Completely custom-made products adapted to the conditions on site or our container solutions, which can be delivered to the construction site ready for operation. The MSR technology of the plant is already prefabricated and tested in the factory so that it can be quickly commissioned on site. Depending on the special requirements of the customer, an individual software solution is developed in connection with the heat network. These plant modules can be installed on your site already insulated. In this way a smooth production and commissioning as well as a cost-effective and technically high-ranking execution can be achieved.<br \/>no-repeat;left top;;<br \/>auto<\/p>\n","protected":false},"excerpt":{"rendered":"<p>District heating station Transfer stations for local and district heating Our local heating stations and district heating transfer stations are available in different designs and with<span class=\"excerpt-hellip\"> [\u2026]<\/span><\/p>\n","protected":false},"author":1,"featured_media":0,"parent":512,"menu_order":0,"comment_status":"closed","ping_status":"closed","template":"","meta":{"footnotes":""},"class_list":["post-549","page","type-page","status-publish","hentry"],"aioseo_notices":[],"_links":{"self":[{"href":"https:\/\/aqotec.com\/en\/wp-json\/wp\/v2\/pages\/549","targetHints":{"allow":["GET"]}}],"collection":[{"href":"https:\/\/aqotec.com\/en\/wp-json\/wp\/v2\/pages"}],"about":[{"href":"https:\/\/aqotec.com\/en\/wp-json\/wp\/v2\/types\/page"}],"author":[{"embeddable":true,"href":"https:\/\/aqotec.com\/en\/wp-json\/wp\/v2\/users\/1"}],"replies":[{"embeddable":true,"href":"https:\/\/aqotec.com\/en\/wp-json\/wp\/v2\/comments?post=549"}],"version-history":[{"count":0,"href":"https:\/\/aqotec.com\/en\/wp-json\/wp\/v2\/pages\/549\/revisions"}],"up":[{"embeddable":true,"href":"https:\/\/aqotec.com\/en\/wp-json\/wp\/v2\/pages\/512"}],"wp:attachment":[{"href":"https:\/\/aqotec.com\/en\/wp-json\/wp\/v2\/media?parent=549"}],"curies":[{"name":"wp","href":"https:\/\/api.w.org\/{rel}","templated":true}]}}