{"id":11,"date":"2019-06-24T14:31:18","date_gmt":"2019-06-24T14:31:18","guid":{"rendered":"https:\/\/themes.muffingroup.com\/be\/factory2\/?page_id=3"},"modified":"2026-01-14T12:40:21","modified_gmt":"2026-01-14T11:40:21","slug":"impressum","status":"publish","type":"page","link":"https:\/\/aqotec.com\/en\/impressum\/","title":{"rendered":"Impressum"},"content":{"rendered":"<!-- Google tag (gtag.js) -->\r\n<p><script async src=\"https:\/\/www.googletagmanager.com\/gtag\/js?id=G-572GNYFE9S\"><\/script><script>\r\n  window.dataLayer = window.dataLayer || [];\r\n  function gtag(){dataLayer.push(arguments);}\r\n  gtag('js', new Date());\r\n\r\n  gtag('config', 'G-572GNYFE9S');\r\n<\/script><\/p>\r\n\r\n<div>\r\n<h2 class=\"wp-block-heading\">Impressum<\/h2>\r\n<\/div>\r\n\r\n\r\n\r\n<div>\r\n<p><strong>Gesch\u00e4ftsanschrift &amp; Firmensitz<\/strong><\/p>\r\n<\/div>\r\n\r\n\r\n\r\n<div>\r\n<p>aqotec GmbH<br \/>V\u00f6cklatal 35<br \/>4890 Weissenkirchen im Attergau<br \/><br \/><strong><a href=\"https:\/\/goo.gl\/maps\/xxVZAuAzeztiaAAq8\" target=\"_blank\" rel=\"noreferrer noopener\" aria-label=\" (\u00f6ffnet in neuem Tab)\">Wegbeschreibung\/Kartenansicht \u00fcber GoogleMaps<\/a><\/strong><\/p>\r\n<\/div>\r\n\r\n\r\n\r\n<div>\r\n<p><strong>Kontakt:<\/strong><\/p>\r\n<\/div>\r\n\r\n\r\n\r\n<div>\r\n<p><strong>Telefon<\/strong>: +43(0)7684 20400-0\u00a0<br \/><strong>eMail<\/strong>:\u00a0<a href=\"mailto:office@aqotec.com\">office@aqotec.com<\/a><\/p>\r\n<\/div>\r\n\r\n\r\n\r\n<div>\r\n<p><strong>Gesch\u00e4ftsf\u00fchrer<\/strong><br \/>Christian Plainer<\/p>\r\n<\/div>\r\n\r\n\r\n\r\n<div>\r\n<p><strong>Firmenbuchnummer<\/strong><br \/>228476w<\/p>\r\n<\/div>\r\n\r\n\r\n\r\n<div>\r\n<p><strong>Gerichtstand<\/strong><br \/>Frankenmarkt\/Wels<br \/><br \/><strong>Kammerangeh\u00f6rigkeit<\/strong><br \/>Fachgruppe eisen- \u00a0und metallverarbeitendes Gewerbe und Handel mit Metallwaren, Elektro- und -Alarmanlagentechnik sowie Kommunikationselektronik, Sanit\u00e4r-, Heizungs- und L\u00fcftungstechniker, Gro\u00dfhandel, Blitzschutzbauer, Zentralheizungsbauer und L\u00fcftungsanlagenbauer der Wirtschaftskammer Ober\u00f6sterreich<\/p>\r\n<\/div>\r\n\r\n\r\n\r\n<div>\r\n<p><strong>UID-Nummern<\/strong><br \/>\u00d6sterreich: ATU56013405<br \/>Italien: IT02446890218<br \/>Deutschland: DE813779581<\/p>\r\n<\/div>\r\n\r\n\r\n\r\n<div>\r\n<p><strong>Aufsichtsbeh\u00f6rde<\/strong><\/p>\r\n<\/div>\r\n\r\n\r\n\r\n<div>\r\n<p>BH V\u00f6cklabruck<\/p>\r\n<\/div>\r\n\r\n\r\n\r\n<div>\r\n<p><strong>Grundlegende Richtung des Mediums:<\/strong><\/p>\r\n<\/div>\r\n\r\n\r\n\r\n<div>\r\n<p>Diese Website und der Newsletter der aqotec GmbH sind Kommunikationsmedien und richten sich an Kunden und Gesch\u00e4ftspartner sowie interessierte Personen. Themen sind die Pr\u00e4sentation der aqotec GmbH sowie Informationen zu aktuellen Produkten und Veranstaltungen<\/p>\r\n<\/div>\r\n\r\n\r\n\r\n<div>\r\n<p><strong>Haftungsausschluss<\/strong>:<\/p>\r\n<\/div>\r\n\r\n\r\n\r\n<div>\r\n<p>Die Website der aqotec GmbH und die darin enthaltenen Beitr\u00e4ge wurden sorgf\u00e4ltig ausgearbeitet und dienen lediglich allgemeinen Informationszwecken. Wir \u00fcbernehmen keine Haftung f\u00fcr die Richtigkeit, Aktualit\u00e4t und Fehlerfreiheit der angebotenen Informationen. Weiters \u00fcbernimmt die aqotec GmbH auch keine Haftung f\u00fcr etwaige Links zu externen Webseiten, die von Dritten betrieben werden.<\/p>\r\n<\/div>\r\n\r\n\r\n\r\n<div>\r\n<p><br \/><a href=\"https:\/\/sites.google.com\/a\/akmedialtd.com\/google-analytics-hinweise\/\" target=\"_blank\" rel=\"noreferrer noopener\">Hinweis zu Google Analytics<\/a><\/p>\r\n<\/div>\r\n\r\n\r\n\r\n<div>\r\n<p><strong>Sie erreichen uns unter folgenden Kontaktdaten<\/strong>:<\/p>\r\n<\/div>\r\n\r\n\r\n\r\n<div>\r\n<p>Aqotec GmbH<br \/>V\u00f6cklatal 35<br \/>4890 Wei\u00dfenkirchen im Attergau<br \/>Tel.: +43 7684 20400-0<br \/>E-Mail: office@aqotec.com<\/p>\r\n<\/div>\r\n","protected":false},"excerpt":{"rendered":"<p>Impressum Gesch\u00e4ftsanschrift &amp; Firmensitz aqotec GmbHV\u00f6cklatal 354890 Weissenkirchen im Attergau Wegbeschreibung\/Kartenansicht \u00fcber GoogleMaps Kontakt: Telefon: +43(0)7684 20400-0\u00a0eMail:\u00a0office@aqotec.com Gesch\u00e4ftsf\u00fchrerChristian Plainer Firmenbuchnummer228476w GerichtstandFrankenmarkt\/Wels Kammerangeh\u00f6rigkeitFachgruppe eisen- \u00a0und metallverarbeitendes Gewerbe<span class=\"excerpt-hellip\"> [\u2026]<\/span><\/p>\n","protected":false},"author":1,"featured_media":0,"parent":0,"menu_order":0,"comment_status":"closed","ping_status":"open","template":"","meta":{"footnotes":""},"class_list":["post-11","page","type-page","status-publish","hentry"],"aioseo_notices":[],"_links":{"self":[{"href":"https:\/\/aqotec.com\/en\/wp-json\/wp\/v2\/pages\/11","targetHints":{"allow":["GET"]}}],"collection":[{"href":"https:\/\/aqotec.com\/en\/wp-json\/wp\/v2\/pages"}],"about":[{"href":"https:\/\/aqotec.com\/en\/wp-json\/wp\/v2\/types\/page"}],"author":[{"embeddable":true,"href":"https:\/\/aqotec.com\/en\/wp-json\/wp\/v2\/users\/1"}],"replies":[{"embeddable":true,"href":"https:\/\/aqotec.com\/en\/wp-json\/wp\/v2\/comments?post=11"}],"version-history":[{"count":3,"href":"https:\/\/aqotec.com\/en\/wp-json\/wp\/v2\/pages\/11\/revisions"}],"predecessor-version":[{"id":2132,"href":"https:\/\/aqotec.com\/en\/wp-json\/wp\/v2\/pages\/11\/revisions\/2132"}],"wp:attachment":[{"href":"https:\/\/aqotec.com\/en\/wp-json\/wp\/v2\/media?parent=11"}],"curies":[{"name":"wp","href":"https:\/\/api.w.org\/{rel}","templated":true}]}}