{"id":1021,"date":"2021-03-11T10:14:57","date_gmt":"2021-03-11T09:14:57","guid":{"rendered":"https:\/\/aqotec.com\/?page_id=1021"},"modified":"2023-06-15T11:38:07","modified_gmt":"2023-06-15T09:38:07","slug":"aqoloft","status":"publish","type":"page","link":"https:\/\/aqotec.com\/en\/produkte\/wohnungsstationen\/aqoloft\/","title":{"rendered":"aqoLoft"},"content":{"rendered":"<p><html><br \/>\n<head><br \/>\n<!-- Google tag (gtag.js) --><br \/>\n<script async src=\"https:\/\/www.googletagmanager.com\/gtag\/js?id=G-572GNYFE9S\"><\/script><br \/>\n<script>\n  window.dataLayer = window.dataLayer || [];\n  function gtag(){dataLayer.push(arguments);}\n  gtag('js', new Date());<\/p>\n<p>  gtag('config', 'G-572GNYFE9S');\n<\/script><br \/>\n<\/head><br \/>\nWohnungsstationen<\/p>\n<h2>Wohnungsstationen aqoLoft<\/h2>\n<p>Moderne W\u00e4rmeversorung f\u00fcr Heizung und Warmwasser im Wohnbau bedeutet h\u00f6chste Energieeffizienz bei gleichzeitg maximalen Benutzerkomfort und bedarfsgerechter Versorgungssicherheit.<br \/>\n<br \/>&#8211; Betrieb ohne Proportionalmengenregler<br \/>\n<br \/>&#8211; Kein Sommerbypass erforderlich<br \/>\n<br \/>&#8211; Flache Bauweise<br \/>\n<br \/>&#8211; W\u00e4rmeerzeuger-Unabh\u00e4ngig<br \/>\n<br \/>&#8211; Gr\u00f6\u00dfere Stationen \u2013 daher h\u00f6here Zapfmenge m\u00f6glich<br \/>\n<br \/>&#8211; Stufenlose Einstellung der Vorhaltetemperatur (20\u00b0C bis 70\u00b0C)<br \/>\n<br \/>&#8211; Kein erh\u00f6hter Kaltwasser-Druck erforderlich<br \/>\n<br \/>&#8211; Wartungs- u. Servicearm<br \/>\n<br \/>&#8211; Einfache Inbetriebnahme<br \/>\n<br \/>&#8211; WW-Temperatur f\u00fcr Sommerbetrieb sparsam regulierbar<br \/>\n<br \/>&#8211; Bei WW-Zapfung sehr kalter Systemr\u00fccklauf &#8211; dadurch sehr hoher Wirkungsgrad<br \/>no-repeat;left top;;<br \/>auto<\/p>\n<p><img decoding=\"async\" src=\"https:\/\/host33.ssl-net.net\/aqotec_com\/wp-content\/uploads\/2020\/03\/Gitter_Wohnungsstation.png\" alt=\"Wohnungsstation Gitter\" \/><\/p>\n<h3>Unsere Wohnungsstationen im \u00dcberblick<\/h3>\n<p>center<br \/>no-repeat;left top;;<br \/>auto<\/p>\n<p><img decoding=\"async\" src=\"https:\/\/host33.ssl-net.net\/aqotec_com\/wp-content\/uploads\/2020\/03\/DHK.png\" alt=\"Wohnungsstation aqoLoft DHK\" \/><br \/>Wohnungsstation direkter Heizkreis<\/p>\n<p><img decoding=\"async\" src=\"https:\/\/host33.ssl-net.net\/aqotec_com\/wp-content\/uploads\/2020\/03\/GHK.png\" alt=\"Wohnungsstation aqoLoft GHK\" \/><br \/>Wohnungsstation gemischter Heizkreis<\/p>\n<p><img decoding=\"async\" src=\"https:\/\/host33.ssl-net.net\/aqotec_com\/wp-content\/uploads\/2020\/03\/GHK-FBH.png\" alt=\"Wohnungsstation aqoLoft GHK-FBH\" \/><br \/>Wohnungsstation mit Fu\u00dfbodenverteiler<\/p>\n<p><img decoding=\"async\" src=\"https:\/\/host33.ssl-net.net\/aqotec_com\/wp-content\/uploads\/2020\/03\/WW.png\" alt=\"Wohnungsstation aqoLoft WW\" \/><br \/>Wohnungsstation f\u00fcr Warmwasserbereitung<\/p>\n<p><img decoding=\"async\" src=\"https:\/\/aqotec.com\/wp-content\/uploads\/2021\/03\/comfort-line-v1-2.png\" alt=\"comfort-line-v1-wohnungsstation\" \/><br \/>Wohnungsstation Comfort-Line<\/p>\n<p><img decoding=\"async\" src=\"https:\/\/host33.ssl-net.net\/aqotec_com\/wp-content\/uploads\/2020\/03\/DHK.png\" alt=\"Wohnungsstation aqoLoft DHK\" \/><\/p>\n<p>Wohnungsstationen<\/p>\n<h2>aqoLoft &#8211; DHK<\/h2>\n<p>Die aqoLoft DHK ist eines der Standardprodukte der aqotec Wohnungsstationen. Grunds\u00e4tzlich ist dieses Modell mit direkten Heizkreis ausgestattet und deshalb f\u00fcr die Radiatorenheizung geeignet. Dar\u00fcber hinaus gibt es die M\u00f6glichkeit die aqoLoft DHK mit Erweiterungsmodulen zu erg\u00e4nzen.<br \/>no-repeat;left top;;<br \/>auto<\/p>\n<p>Wohnungsstationen<\/p>\n<h2>aqoLoft &#8211; GHK<\/h2>\n<p>Auch das Modell aqoLoft GHK geh\u00f6rt zu den meistverkauften Wohnungsstationen der Marke aqotec. Mit dem gemischten Heizkreis ist diese Station perfekt f\u00fcr die Fl\u00e4chenheizung geeignet. Optional ist die aqoLoft GHK auch mit seperatem direktem Heizkreis f\u00fcr Badheizk\u00f6rper erh\u00e4ltlich. Wie auch bei dem Modell DHK gibt es bei dieser aqoLoft Erweiterungsm\u00f6glichkeiten.<br \/>no-repeat;left top;;<br \/>auto<\/p>\n<p><img decoding=\"async\" src=\"https:\/\/host33.ssl-net.net\/aqotec_com\/wp-content\/uploads\/2020\/03\/GHK.png\" alt=\"Wohnungsstation aqoLoft GHK\" \/><\/p>\n<p><img decoding=\"async\" src=\"https:\/\/host33.ssl-net.net\/aqotec_com\/wp-content\/uploads\/2020\/03\/GHK-FBH.png\" alt=\"Wohnungsstation aqoLoft GHK-FBH\" \/><\/p>\n<p>Wohnungsstationen<\/p>\n<h2>aqoLoft &#8211; GHK &#8211; FBH<\/h2>\n<p>Die aqoLoft GHK-FBH ist \u00e4hnlich dem Modell GHK. Auch diese verf\u00fcgt \u00fcber einen gemischten Heizkreis. Dar\u00fcber hinaus ist die Wohnungsstation GHK-FBH mit einem Fu\u00dfbodenverteiler und einem angepassten Geh\u00e4use ausgestattet. Somit ist diese Station perfekt f\u00fcr die Fl\u00e4chen- und Fu\u00dfbodenheizung geeignet. <br \/>no-repeat;left top;;<br \/>auto<\/p>\n<p>Wohnungsstationen<\/p>\n<h2>aqoLoft &#8211; WW<\/h2>\n<p>Das Modell aqoLoft WW dient zur dezentralen Warmwasserbereitung. Der im Modul verbaute W\u00e4rmetauscher wird \u00fcber das hausinterne Heizungsnetz gespeist und produziert mittels der patentierten aqoCTR Regelung blitzschnell Warmwasser. Dar\u00fcber hinaus wird bei der aqoLoft WW sichergestellt, dass stets die Hygienerichtlinien erf\u00fcllt werden. <br \/>no-repeat;left top;;<br \/>auto<\/p>\n<p><img decoding=\"async\" src=\"https:\/\/host33.ssl-net.net\/aqotec_com\/wp-content\/uploads\/2020\/03\/WW.png\" alt=\"Wohnungsstation aqoLoft WW\" \/><\/p>\n<p>Download<\/p>\n<h2>Jetzt n\u00e4here Informationen zu diesen Produkten downloaden<\/h2>\n<p>no-repeat;left top;;<br \/>auto<\/p>\n<p>Jetzt downloaden<br \/><a href=\"https:\/\/aqotec.com\/download\/wohnungsstationen\/\">https:\/\/aqotec.com\/download\/wohnungsstationen\/<\/a><br \/>left<br \/>2<\/p>\n<p><\/html><\/p>\n","protected":false},"excerpt":{"rendered":"<p>Wohnungsstationen Wohnungsstationen aqoLoft Moderne W\u00e4rmeversorung f\u00fcr Heizung und Warmwasser im Wohnbau bedeutet h\u00f6chste Energieeffizienz bei gleichzeitg maximalen Benutzerkomfort und bedarfsgerechter Versorgungssicherheit. &#8211; Betrieb ohne Proportionalmengenregler &#8211;<span class=\"excerpt-hellip\"> [\u2026]<\/span><\/p>\n","protected":false},"author":1,"featured_media":0,"parent":149,"menu_order":0,"comment_status":"closed","ping_status":"closed","template":"","meta":{"footnotes":""},"class_list":["post-1021","page","type-page","status-publish","hentry"],"aioseo_notices":[],"_links":{"self":[{"href":"https:\/\/aqotec.com\/en\/wp-json\/wp\/v2\/pages\/1021","targetHints":{"allow":["GET"]}}],"collection":[{"href":"https:\/\/aqotec.com\/en\/wp-json\/wp\/v2\/pages"}],"about":[{"href":"https:\/\/aqotec.com\/en\/wp-json\/wp\/v2\/types\/page"}],"author":[{"embeddable":true,"href":"https:\/\/aqotec.com\/en\/wp-json\/wp\/v2\/users\/1"}],"replies":[{"embeddable":true,"href":"https:\/\/aqotec.com\/en\/wp-json\/wp\/v2\/comments?post=1021"}],"version-history":[{"count":0,"href":"https:\/\/aqotec.com\/en\/wp-json\/wp\/v2\/pages\/1021\/revisions"}],"up":[{"embeddable":true,"href":"https:\/\/aqotec.com\/en\/wp-json\/wp\/v2\/pages\/149"}],"wp:attachment":[{"href":"https:\/\/aqotec.com\/en\/wp-json\/wp\/v2\/media?parent=1021"}],"curies":[{"name":"wp","href":"https:\/\/api.w.org\/{rel}","templated":true}]}}